{"id":66,"date":"2026-03-03T10:32:59","date_gmt":"2026-03-03T09:32:59","guid":{"rendered":"https:\/\/site14.monsitecommeunpro.fr\/?page_id=66"},"modified":"2026-03-04T09:33:10","modified_gmt":"2026-03-04T08:33:10","slug":"bouquets-dexception","status":"publish","type":"page","link":"https:\/\/site14.monsitecommeunpro.fr\/?page_id=66","title":{"rendered":"Bouquets d&rsquo;exception"},"content":{"rendered":"\n<p>Ici, d\u00e9couvrez nos bouquets de fleurs, confectionn\u00e9s sur mesure pour vos \u00e9v\u00e9nements les plus luxueux. Invit\u00e9s haut de gamme ou collaborateurs importants, pour ces destinataires particuliers, nos fleuristes et nos experts plantes, ont utilis\u00e9 trois valeurs essentielles : raffinement, cr\u00e9ativit\u00e9 et sens du d\u00e9tail. <\/p>\n\n\n\n<figure class=\"wp-block-gallery has-nested-images columns-default is-cropped wp-block-gallery-1 is-layout-flex wp-block-gallery-is-layout-flex\">\n<figure class=\"wp-block-image size-large\"><img loading=\"lazy\" decoding=\"async\" width=\"631\" height=\"791\" data-id=\"185\" src=\"https:\/\/site14.monsitecommeunpro.fr\/wp-content\/uploads\/2026\/03\/Capture-decran-2026-03-04-092956.png\" alt=\"\" class=\"wp-image-185\" srcset=\"https:\/\/site14.monsitecommeunpro.fr\/wp-content\/uploads\/2026\/03\/Capture-decran-2026-03-04-092956.png 631w, https:\/\/site14.monsitecommeunpro.fr\/wp-content\/uploads\/2026\/03\/Capture-decran-2026-03-04-092956-239x300.png 239w\" sizes=\"auto, (max-width: 631px) 100vw, 631px\" \/><figcaption class=\"wp-element-caption\"><a href=\"https:\/\/www.bergamotte.fr\/livraison-fleurs\/bouquet-copenhague\/v\/bouquet-copenhague-xl\">Bouquet Copenhague XL<br>\u00c0 partir de\u00a0129,90\u20ac<\/a><\/figcaption><\/figure>\n\n\n\n<figure class=\"wp-block-image size-large\"><img loading=\"lazy\" decoding=\"async\" width=\"633\" height=\"793\" data-id=\"183\" src=\"https:\/\/site14.monsitecommeunpro.fr\/wp-content\/uploads\/2026\/03\/Capture-decran-2026-03-04-093013.png\" alt=\"\" class=\"wp-image-183\" srcset=\"https:\/\/site14.monsitecommeunpro.fr\/wp-content\/uploads\/2026\/03\/Capture-decran-2026-03-04-093013.png 633w, https:\/\/site14.monsitecommeunpro.fr\/wp-content\/uploads\/2026\/03\/Capture-decran-2026-03-04-093013-239x300.png 239w\" sizes=\"auto, (max-width: 633px) 100vw, 633px\" \/><figcaption class=\"wp-element-caption\"><a href=\"https:\/\/www.bergamotte.fr\/livraison-fleurs\/bouquet-de-roses-coloma\/v\/bouquet-roses-coloma-xl\">Bouquet Coloma XL<br>\u00c0 partir de\u00a0119,90\u20ac<\/a><\/figcaption><\/figure>\n\n\n\n<figure class=\"wp-block-image size-large\"><img loading=\"lazy\" decoding=\"async\" width=\"626\" height=\"788\" data-id=\"184\" src=\"https:\/\/site14.monsitecommeunpro.fr\/wp-content\/uploads\/2026\/03\/Capture-decran-2026-03-04-093032.png\" alt=\"\" class=\"wp-image-184\" srcset=\"https:\/\/site14.monsitecommeunpro.fr\/wp-content\/uploads\/2026\/03\/Capture-decran-2026-03-04-093032.png 626w, https:\/\/site14.monsitecommeunpro.fr\/wp-content\/uploads\/2026\/03\/Capture-decran-2026-03-04-093032-238x300.png 238w\" sizes=\"auto, (max-width: 626px) 100vw, 626px\" \/><figcaption class=\"wp-element-caption\"><a href=\"https:\/\/www.bergamotte.fr\/livraison-fleurs\/lago-di-como\/v\/bouquet-lago-di-como-xl\">Bouquet Lago di Como XL<br>\u00c0 partir de\u00a0159,90\u20ac<\/a><\/figcaption><\/figure>\n<\/figure>\n","protected":false},"excerpt":{"rendered":"<p>Ici, d\u00e9couvrez nos bouquets de fleurs, confectionn\u00e9s sur mesure pour vos \u00e9v\u00e9nements les plus luxueux. Invit\u00e9s haut de gamme ou [&hellip;]<\/p>\n","protected":false},"author":1,"featured_media":0,"parent":0,"menu_order":0,"comment_status":"closed","ping_status":"closed","template":"","meta":{"_uag_custom_page_level_css":"","site-sidebar-layout":"default","site-content-layout":"","ast-site-content-layout":"default","site-content-style":"default","site-sidebar-style":"default","ast-global-header-display":"","ast-banner-title-visibility":"","ast-main-header-display":"","ast-hfb-above-header-display":"","ast-hfb-below-header-display":"","ast-hfb-mobile-header-display":"","site-post-title":"","ast-breadcrumbs-content":"","ast-featured-img":"","footer-sml-layout":"","theme-transparent-header-meta":"","adv-header-id-meta":"","stick-header-meta":"","header-above-stick-meta":"","header-main-stick-meta":"","header-below-stick-meta":"","astra-migrate-meta-layouts":"default","ast-page-background-enabled":"default","ast-page-background-meta":{"desktop":{"background-color":"var(--ast-global-color-5)","background-image":"","background-repeat":"repeat","background-position":"center center","background-size":"auto","background-attachment":"scroll","background-type":"","background-media":"","overlay-type":"","overlay-color":"","overlay-opacity":"","overlay-gradient":""},"tablet":{"background-color":"","background-image":"","background-repeat":"repeat","background-position":"center center","background-size":"auto","background-attachment":"scroll","background-type":"","background-media":"","overlay-type":"","overlay-color":"","overlay-opacity":"","overlay-gradient":""},"mobile":{"background-color":"","background-image":"","background-repeat":"repeat","background-position":"center center","background-size":"auto","background-attachment":"scroll","background-type":"","background-media":"","overlay-type":"","overlay-color":"","overlay-opacity":"","overlay-gradient":""}},"ast-content-background-meta":{"desktop":{"background-color":"var(--ast-global-color-4)","background-image":"","background-repeat":"repeat","background-position":"center center","background-size":"auto","background-attachment":"scroll","background-type":"","background-media":"","overlay-type":"","overlay-color":"","overlay-opacity":"","overlay-gradient":""},"tablet":{"background-color":"var(--ast-global-color-4)","background-image":"","background-repeat":"repeat","background-position":"center center","background-size":"auto","background-attachment":"scroll","background-type":"","background-media":"","overlay-type":"","overlay-color":"","overlay-opacity":"","overlay-gradient":""},"mobile":{"background-color":"var(--ast-global-color-4)","background-image":"","background-repeat":"repeat","background-position":"center center","background-size":"auto","background-attachment":"scroll","background-type":"","background-media":"","overlay-type":"","overlay-color":"","overlay-opacity":"","overlay-gradient":""}},"footnotes":""},"class_list":["post-66","page","type-page","status-publish","hentry"],"yoast_head":"<!-- This site is optimized with the Yoast SEO plugin v27.0 - https:\/\/yoast.com\/product\/yoast-seo-wordpress\/ -->\n<title>Bouquets d&#039;exception -<\/title>\n<meta name=\"robots\" content=\"index, follow, max-snippet:-1, max-image-preview:large, max-video-preview:-1\" \/>\n<link rel=\"canonical\" href=\"https:\/\/site14.monsitecommeunpro.fr\/?page_id=66\" \/>\n<meta property=\"og:locale\" content=\"fr_FR\" \/>\n<meta property=\"og:type\" content=\"article\" \/>\n<meta property=\"og:title\" content=\"Bouquets d&#039;exception -\" \/>\n<meta property=\"og:description\" content=\"Ici, d\u00e9couvrez nos bouquets de fleurs, confectionn\u00e9s sur mesure pour vos \u00e9v\u00e9nements les plus luxueux. Invit\u00e9s haut de gamme ou [&hellip;]\" \/>\n<meta property=\"og:url\" content=\"https:\/\/site14.monsitecommeunpro.fr\/?page_id=66\" \/>\n<meta property=\"article:modified_time\" content=\"2026-03-04T08:33:10+00:00\" \/>\n<meta property=\"og:image\" content=\"https:\/\/site14.monsitecommeunpro.fr\/wp-content\/uploads\/2026\/03\/Capture-decran-2026-03-04-092956.png\" \/>\n\t<meta property=\"og:image:width\" content=\"631\" \/>\n\t<meta property=\"og:image:height\" content=\"791\" \/>\n\t<meta property=\"og:image:type\" content=\"image\/png\" \/>\n<meta name=\"twitter:card\" content=\"summary_large_image\" \/>\n<script type=\"application\/ld+json\" class=\"yoast-schema-graph\">{\"@context\":\"https:\/\/schema.org\",\"@graph\":[{\"@type\":\"WebPage\",\"@id\":\"https:\/\/site14.monsitecommeunpro.fr\/?page_id=66\",\"url\":\"https:\/\/site14.monsitecommeunpro.fr\/?page_id=66\",\"name\":\"Bouquets d'exception -\",\"isPartOf\":{\"@id\":\"https:\/\/site14.monsitecommeunpro.fr\/#website\"},\"primaryImageOfPage\":{\"@id\":\"https:\/\/site14.monsitecommeunpro.fr\/?page_id=66#primaryimage\"},\"image\":{\"@id\":\"https:\/\/site14.monsitecommeunpro.fr\/?page_id=66#primaryimage\"},\"thumbnailUrl\":\"https:\/\/site14.monsitecommeunpro.fr\/wp-content\/uploads\/2026\/03\/Capture-decran-2026-03-04-092956.png\",\"datePublished\":\"2026-03-03T09:32:59+00:00\",\"dateModified\":\"2026-03-04T08:33:10+00:00\",\"breadcrumb\":{\"@id\":\"https:\/\/site14.monsitecommeunpro.fr\/?page_id=66#breadcrumb\"},\"inLanguage\":\"fr-FR\",\"potentialAction\":[{\"@type\":\"ReadAction\",\"target\":[\"https:\/\/site14.monsitecommeunpro.fr\/?page_id=66\"]}]},{\"@type\":\"ImageObject\",\"inLanguage\":\"fr-FR\",\"@id\":\"https:\/\/site14.monsitecommeunpro.fr\/?page_id=66#primaryimage\",\"url\":\"https:\/\/site14.monsitecommeunpro.fr\/wp-content\/uploads\/2026\/03\/Capture-decran-2026-03-04-092956.png\",\"contentUrl\":\"https:\/\/site14.monsitecommeunpro.fr\/wp-content\/uploads\/2026\/03\/Capture-decran-2026-03-04-092956.png\",\"width\":631,\"height\":791},{\"@type\":\"BreadcrumbList\",\"@id\":\"https:\/\/site14.monsitecommeunpro.fr\/?page_id=66#breadcrumb\",\"itemListElement\":[{\"@type\":\"ListItem\",\"position\":1,\"name\":\"Accueil\",\"item\":\"https:\/\/site14.monsitecommeunpro.fr\/\"},{\"@type\":\"ListItem\",\"position\":2,\"name\":\"Bouquets d&rsquo;exception\"}]},{\"@type\":\"WebSite\",\"@id\":\"https:\/\/site14.monsitecommeunpro.fr\/#website\",\"url\":\"https:\/\/site14.monsitecommeunpro.fr\/\",\"name\":\"\",\"description\":\"\",\"potentialAction\":[{\"@type\":\"SearchAction\",\"target\":{\"@type\":\"EntryPoint\",\"urlTemplate\":\"https:\/\/site14.monsitecommeunpro.fr\/?s={search_term_string}\"},\"query-input\":{\"@type\":\"PropertyValueSpecification\",\"valueRequired\":true,\"valueName\":\"search_term_string\"}}],\"inLanguage\":\"fr-FR\"}]}<\/script>\n<!-- \/ Yoast SEO plugin. -->","yoast_head_json":{"title":"Bouquets d'exception -","robots":{"index":"index","follow":"follow","max-snippet":"max-snippet:-1","max-image-preview":"max-image-preview:large","max-video-preview":"max-video-preview:-1"},"canonical":"https:\/\/site14.monsitecommeunpro.fr\/?page_id=66","og_locale":"fr_FR","og_type":"article","og_title":"Bouquets d'exception -","og_description":"Ici, d\u00e9couvrez nos bouquets de fleurs, confectionn\u00e9s sur mesure pour vos \u00e9v\u00e9nements les plus luxueux. Invit\u00e9s haut de gamme ou [&hellip;]","og_url":"https:\/\/site14.monsitecommeunpro.fr\/?page_id=66","article_modified_time":"2026-03-04T08:33:10+00:00","og_image":[{"width":631,"height":791,"url":"https:\/\/site14.monsitecommeunpro.fr\/wp-content\/uploads\/2026\/03\/Capture-decran-2026-03-04-092956.png","type":"image\/png"}],"twitter_card":"summary_large_image","schema":{"@context":"https:\/\/schema.org","@graph":[{"@type":"WebPage","@id":"https:\/\/site14.monsitecommeunpro.fr\/?page_id=66","url":"https:\/\/site14.monsitecommeunpro.fr\/?page_id=66","name":"Bouquets d'exception -","isPartOf":{"@id":"https:\/\/site14.monsitecommeunpro.fr\/#website"},"primaryImageOfPage":{"@id":"https:\/\/site14.monsitecommeunpro.fr\/?page_id=66#primaryimage"},"image":{"@id":"https:\/\/site14.monsitecommeunpro.fr\/?page_id=66#primaryimage"},"thumbnailUrl":"https:\/\/site14.monsitecommeunpro.fr\/wp-content\/uploads\/2026\/03\/Capture-decran-2026-03-04-092956.png","datePublished":"2026-03-03T09:32:59+00:00","dateModified":"2026-03-04T08:33:10+00:00","breadcrumb":{"@id":"https:\/\/site14.monsitecommeunpro.fr\/?page_id=66#breadcrumb"},"inLanguage":"fr-FR","potentialAction":[{"@type":"ReadAction","target":["https:\/\/site14.monsitecommeunpro.fr\/?page_id=66"]}]},{"@type":"ImageObject","inLanguage":"fr-FR","@id":"https:\/\/site14.monsitecommeunpro.fr\/?page_id=66#primaryimage","url":"https:\/\/site14.monsitecommeunpro.fr\/wp-content\/uploads\/2026\/03\/Capture-decran-2026-03-04-092956.png","contentUrl":"https:\/\/site14.monsitecommeunpro.fr\/wp-content\/uploads\/2026\/03\/Capture-decran-2026-03-04-092956.png","width":631,"height":791},{"@type":"BreadcrumbList","@id":"https:\/\/site14.monsitecommeunpro.fr\/?page_id=66#breadcrumb","itemListElement":[{"@type":"ListItem","position":1,"name":"Accueil","item":"https:\/\/site14.monsitecommeunpro.fr\/"},{"@type":"ListItem","position":2,"name":"Bouquets d&rsquo;exception"}]},{"@type":"WebSite","@id":"https:\/\/site14.monsitecommeunpro.fr\/#website","url":"https:\/\/site14.monsitecommeunpro.fr\/","name":"","description":"","potentialAction":[{"@type":"SearchAction","target":{"@type":"EntryPoint","urlTemplate":"https:\/\/site14.monsitecommeunpro.fr\/?s={search_term_string}"},"query-input":{"@type":"PropertyValueSpecification","valueRequired":true,"valueName":"search_term_string"}}],"inLanguage":"fr-FR"}]}},"uagb_featured_image_src":{"full":false,"thumbnail":false,"medium":false,"medium_large":false,"large":false,"1536x1536":false,"2048x2048":false},"uagb_author_info":{"display_name":"admin","author_link":"https:\/\/site14.monsitecommeunpro.fr\/?author=1"},"uagb_comment_info":0,"uagb_excerpt":"Ici, d\u00e9couvrez nos bouquets de fleurs, confectionn\u00e9s sur mesure pour vos \u00e9v\u00e9nements les plus luxueux. Invit\u00e9s haut de gamme ou [&hellip;]","_links":{"self":[{"href":"https:\/\/site14.monsitecommeunpro.fr\/index.php?rest_route=\/wp\/v2\/pages\/66","targetHints":{"allow":["GET"]}}],"collection":[{"href":"https:\/\/site14.monsitecommeunpro.fr\/index.php?rest_route=\/wp\/v2\/pages"}],"about":[{"href":"https:\/\/site14.monsitecommeunpro.fr\/index.php?rest_route=\/wp\/v2\/types\/page"}],"author":[{"embeddable":true,"href":"https:\/\/site14.monsitecommeunpro.fr\/index.php?rest_route=\/wp\/v2\/users\/1"}],"replies":[{"embeddable":true,"href":"https:\/\/site14.monsitecommeunpro.fr\/index.php?rest_route=%2Fwp%2Fv2%2Fcomments&post=66"}],"version-history":[{"count":4,"href":"https:\/\/site14.monsitecommeunpro.fr\/index.php?rest_route=\/wp\/v2\/pages\/66\/revisions"}],"predecessor-version":[{"id":187,"href":"https:\/\/site14.monsitecommeunpro.fr\/index.php?rest_route=\/wp\/v2\/pages\/66\/revisions\/187"}],"wp:attachment":[{"href":"https:\/\/site14.monsitecommeunpro.fr\/index.php?rest_route=%2Fwp%2Fv2%2Fmedia&parent=66"}],"curies":[{"name":"wp","href":"https:\/\/api.w.org\/{rel}","templated":true}]}}